{"id":24004,"date":"2020-12-27T08:23:10","date_gmt":"2020-12-27T08:23:10","guid":{"rendered":"https:\/\/avanzasports.com\/politica-de-privacidad\/"},"modified":"2024-01-22T10:48:28","modified_gmt":"2024-01-22T10:48:28","slug":"politica-de-privacidad","status":"publish","type":"page","link":"https:\/\/shop.avanzasports.com\/es\/politica-de-privacidad\/","title":{"rendered":"Pol\u00edtica de privacidad"},"content":{"rendered":"\t\t<div data-elementor-type=\"wp-page\" data-elementor-id=\"24004\" class=\"elementor elementor-24004 elementor-12954\">\n\t\t\t\t\t\t\t\t\t<section class=\"elementor-section elementor-top-section elementor-element elementor-element-709593b elementor-section-boxed elementor-section-height-default elementor-section-height-default sc_fly_static\" data-id=\"709593b\" data-element_type=\"section\">\n\t\t\t\t\t\t<div class=\"elementor-container elementor-column-gap-extended\">\n\t\t\t\t\t<div class=\"elementor-column elementor-col-100 elementor-top-column elementor-element elementor-element-60f3175 sc_inner_width_none sc_content_align_inherit sc_layouts_column_icons_position_left sc_fly_static\" data-id=\"60f3175\" data-element_type=\"column\">\n\t\t\t<div class=\"elementor-widget-wrap elementor-element-populated\">\n\t\t\t\t\t\t\t\t<div class=\"elementor-element elementor-element-15af75d sc_fly_static elementor-widget elementor-widget-text-editor\" data-id=\"15af75d\" data-element_type=\"widget\" data-widget_type=\"text-editor.default\">\n\t\t\t\t<div class=\"elementor-widget-container\">\n\t\t\t\t\t\t\t\n<p class=\"privacy-policy-p\">La presente Pol\u00edtica de Privacidad describe las pol\u00edticas de Avanza Educa 2019 S.L., C\/ Rambla Catalunya,135 4\u00ba 1\u00baBarcelona, Catalu\u00f1\u00e1 08008, Espa\u00f1a, email: info@avanzasports.com, tel\u00e9fono: 649842497 sobre la recopilaci\u00f3n, uso y divulgaci\u00f3n de su informaci\u00f3n que recopilamos cuando utiliza nuestro sitio web ( https:\/\/shop.avanzasports.com\/ ). (el &#8220;Servicio&#8221;). Al acceder o utilizar el Servicio, usted consiente la recogida, uso y divulgaci\u00f3n de su informaci\u00f3n de acuerdo con esta Pol\u00edtica de Privacidad. Si no da su consentimiento, le rogamos que no acceda al Servicio ni lo utilice.<\/p>\n\n\n<p class=\"privacy-policy-p\">Podemos modificar esta Pol\u00edtica de Privacidad en cualquier momento sin\nprevio aviso y publicar\u00e1 la versi\u00f3n revisada en\nPol\u00edtica de privacidad del Servicio. La Pol\u00edtica revisada\nser\u00e1 efectiva 180 d\u00edas despu\u00e9s de que\nPol\u00edtica revisada se publica en el Servicio y su\nel acceso o uso continuado del Servicio una vez transcurrido dicho plazo\nconstituir\u00e1 su aceptaci\u00f3n de la Pol\u00edtica de Privacidad revisada\nPol\u00edtica. Por ello, le recomendamos que peri\u00f3dicamente\nrevise esta p\u00e1gina.<\/p>\n\n<ul class=\"privacy-policy-ol\">\n \t<li>\n<h2 class=\"privacy-policy-h2\">Informaci\u00f3n que recopilamos:<\/h2>\n<p class=\"privacy-policy-p\">Recopilaremos y procesaremos los siguientes datos\ninformaci\u00f3n personal sobre usted:<\/p>\n\n<ul class=\"privacy-policy-ol\">\n \t<li>Nombre<\/li>\n \t<li>Correo electr\u00f3nico<\/li>\n \t<li>M\u00f3vil<\/li>\n \t<li>Fecha de nacimiento<\/li>\n \t<li>Direcci\u00f3n<\/li>\n \t<li>Informaci\u00f3n de pago<\/li>\n<\/ul>\n<\/li>\n \t<li>\n<h2 class=\"privacy-policy-h2\">How we use your information:<\/h2>\n<p class=\"privacy-policy-p\">Utilizaremos la informaci\u00f3n que recopilemos\nsobre usted para los siguientes fines:<\/p>\n\n<ol class=\"privacy-policy-ol\">\n \t<li>Procesar el pago<\/li>\n<\/ol>\n<p class=\"privacy-policy-p\">Si deseamos utilizar su informaci\u00f3n para cualquier otro fin\nPara ello, le pediremos su consentimiento y le\nutilizar su informaci\u00f3n s\u00f3lo al recibir su\nconsentimiento y, en ese caso, s\u00f3lo para los fines para los que\nque conceden el consentimiento a menos que se nos exija\npor ley.<\/p>\n<\/li>\n \t<li>\n<h2 class=\"privacy-policy-h2\">Conservaci\u00f3n de su informaci\u00f3n:<\/h2>\n<p class=\"privacy-policy-p\">Conservaremos su informaci\u00f3n personal con nosotros\npara\nentre 90 d\u00edas y 2 a\u00f1os despu\u00e9s de que los usuarios cancelen sus cuentas\no para como\nsiempre que lo necesitemos para cumplir los fines para los que\nque se recogi\u00f3, como se detalla en este\nPol\u00edtica de privacidad. Es posible que necesitemos conservar determinados\ninformaci\u00f3n durante periodos m\u00e1s largos como\nmantenimiento de registros \/ presentaci\u00f3n de informes de conformidad con\nla legislaci\u00f3n aplicable u otros motivos leg\u00edtimos\ncomo el cumplimiento de los derechos legales, el fraude\nprevenci\u00f3n, etc. Informaci\u00f3n residual an\u00f3nima\ne informaci\u00f3n agregada, ninguna de las cuales\nle identifique (directa o indirectamente), puede ser\nalmacenados indefinidamente.<\/p>\n<\/li>\n \t<li>\n<h2 class=\"privacy-policy-h2\">Tus derechos:<\/h2>\n<p class=\"privacy-policy-p\">Dependiendo de la ley que se aplique, puede tener\nderecho de acceso y rectificaci\u00f3n o supresi\u00f3n de sus datos\ndatos personales o recibir una copia de sus\ndatos, restringir u objeto al activo\ntratamiento de sus datos, p\u00eddanos que compartamos (puerto)\nsus datos personales a otra entidad,\nretirar cualquier consentimiento que nos haya dado para\ntratamiento de sus datos, derecho a presentar una reclamaci\u00f3n\ncon una autoridad estatutaria y los dem\u00e1s derechos\nseg\u00fan proceda en virtud de la legislaci\u00f3n aplicable. A\nejercer estos derechos, puede escribirnos a\ninfo@avanzasports.com.\nResponderemos a su\nsolicitud de conformidad con la legislaci\u00f3n aplicable.<\/p>\n<p class=\"privacy-policy-p\">Tenga en cuenta que si no nos permite recoger\no procesar la informaci\u00f3n personal requerida o\nretirar el consentimiento para el tratamiento de los mismos para el\nnecesarios, es posible que no pueda acceder a\no utilizar los servicios para los que su informaci\u00f3n\nse busc\u00f3.<\/p>\n<\/li>\n \t<li>\n<h2 class=\"privacy-policy-h2\">Cookies Etc.<\/h2>\nPara saber m\u00e1s sobre c\u00f3mo utilizamos estos\ny sus opciones en relaci\u00f3n con este seguimiento\ntecnolog\u00edas, consulte nuestra\n<a href=\"https:\/\/shop.avanzasports.com\/es\/\">Pol\u00edtica de cookies.<\/a><\/li>\n \t<li>\n<h2 class=\"privacy-policy-h2\">Seguridad:<\/h2>\n<p class=\"privacy-policy-p\">La seguridad de su informaci\u00f3n es importante para\ny utilizaremos medidas de seguridad razonables\npara evitar la p\u00e9rdida, el uso indebido o no autorizado\nalteraci\u00f3n de su informaci\u00f3n en virtud de nuestro\ncontrol. Sin embargo, dados los riesgos inherentes\nno puede garantizar una seguridad absoluta y\nen consecuencia, no podemos asegurar ni garantizar la\nseguridad de la informaci\u00f3n que nos transmita\ny lo hace bajo su propia responsabilidad.<\/p>\n<\/li>\n \t<li>\n<h2 class=\"privacy-policy-h2\">Responsable de quejas y protecci\u00f3n de datos:<\/h2>\n<p class=\"privacy-policy-p\">Si tiene alguna pregunta o duda sobre el\ntratamiento de su informaci\u00f3n disponible\ncon nosotros, puede enviar un correo electr\u00f3nico a nuestro responsable de quejas a\nAvanza Educa 2019 S.L.,\nC\/ Rambla Catalunya,135 4\u00ba 1\u00ba,\nemail: info@avanzasports.com.\nAbordaremos sus preocupaciones de conformidad con la legislaci\u00f3n aplicable.<\/p>\n<\/li>\n<\/ul>\n\t\t\t\t\t\t<\/div>\n\t\t\t\t<\/div>\n\t\t\t\t\t<\/div>\n\t\t<\/div>\n\t\t\t\t\t\t\t<\/div>\n\t\t<\/section>\n\t\t\t\t\t\t\t<\/div>\n\t\t","protected":false},"excerpt":{"rendered":"<p>La presente Pol\u00edtica de Privacidad describe las pol\u00edticas de Avanza Educa 2019 S.L., C\/ Rambla Catalunya,135 4\u00ba 1\u00baBarcelona, Catalu\u00f1\u00e1 08008, Espa\u00f1a, email: info@avanzasports.com, tel\u00e9fono: 649842497 sobre la recopilaci\u00f3n, uso y&hellip;<\/p>\n","protected":false},"author":1,"featured_media":0,"parent":0,"menu_order":0,"comment_status":"closed","ping_status":"closed","template":"","meta":{"footnotes":""},"yoast_head":"<!-- This site is optimized with the Yoast SEO plugin v21.7 - https:\/\/yoast.com\/wordpress\/plugins\/seo\/ -->\n<title>Pol\u00edtica de privacidad - Avanza Sports<\/title>\n<meta name=\"robots\" content=\"index, follow, max-snippet:-1, max-image-preview:large, max-video-preview:-1\" \/>\n<link rel=\"canonical\" href=\"https:\/\/shop.avanzasports.com\/es\/politica-de-privacidad\/\" \/>\n<meta property=\"og:locale\" content=\"es_ES\" \/>\n<meta property=\"og:type\" content=\"article\" \/>\n<meta property=\"og:title\" content=\"Pol\u00edtica de privacidad - Avanza Sports\" \/>\n<meta property=\"og:description\" content=\"La presente Pol\u00edtica de Privacidad describe las pol\u00edticas de Avanza Educa 2019 S.L., C\/ Rambla Catalunya,135 4\u00ba 1\u00baBarcelona, Catalu\u00f1\u00e1 08008, Espa\u00f1a, email: info@avanzasports.com, tel\u00e9fono: 649842497 sobre la recopilaci\u00f3n, uso y&hellip;\" \/>\n<meta property=\"og:url\" content=\"https:\/\/shop.avanzasports.com\/es\/politica-de-privacidad\/\" \/>\n<meta property=\"og:site_name\" content=\"Avanza Sports\" \/>\n<meta property=\"article:modified_time\" content=\"2024-01-22T10:48:28+00:00\" \/>\n<meta name=\"twitter:card\" content=\"summary_large_image\" \/>\n<meta name=\"twitter:label1\" content=\"Tiempo de lectura\" \/>\n\t<meta name=\"twitter:data1\" content=\"3 minutos\" \/>\n<script type=\"application\/ld+json\" class=\"yoast-schema-graph\">{\"@context\":\"https:\/\/schema.org\",\"@graph\":[{\"@type\":\"WebPage\",\"@id\":\"https:\/\/shop.avanzasports.com\/es\/politica-de-privacidad\/\",\"url\":\"https:\/\/shop.avanzasports.com\/es\/politica-de-privacidad\/\",\"name\":\"Pol\u00edtica de privacidad - Avanza Sports\",\"isPartOf\":{\"@id\":\"https:\/\/shop.avanzasports.com\/es\/#website\"},\"datePublished\":\"2020-12-27T08:23:10+00:00\",\"dateModified\":\"2024-01-22T10:48:28+00:00\",\"breadcrumb\":{\"@id\":\"https:\/\/shop.avanzasports.com\/es\/politica-de-privacidad\/#breadcrumb\"},\"inLanguage\":\"es\",\"potentialAction\":[{\"@type\":\"ReadAction\",\"target\":[\"https:\/\/shop.avanzasports.com\/es\/politica-de-privacidad\/\"]}]},{\"@type\":\"BreadcrumbList\",\"@id\":\"https:\/\/shop.avanzasports.com\/es\/politica-de-privacidad\/#breadcrumb\",\"itemListElement\":[{\"@type\":\"ListItem\",\"position\":1,\"name\":\"Portada\",\"item\":\"https:\/\/shop.avanzasports.com\/es\/\"},{\"@type\":\"ListItem\",\"position\":2,\"name\":\"Pol\u00edtica de privacidad\"}]},{\"@type\":\"WebSite\",\"@id\":\"https:\/\/shop.avanzasports.com\/es\/#website\",\"url\":\"https:\/\/shop.avanzasports.com\/es\/\",\"name\":\"Avanza Sports\",\"description\":\"Changing Lives Through Sports\",\"publisher\":{\"@id\":\"https:\/\/shop.avanzasports.com\/es\/#organization\"},\"potentialAction\":[{\"@type\":\"SearchAction\",\"target\":{\"@type\":\"EntryPoint\",\"urlTemplate\":\"https:\/\/shop.avanzasports.com\/es\/?s={search_term_string}\"},\"query-input\":\"required name=search_term_string\"}],\"inLanguage\":\"es\"},{\"@type\":\"Organization\",\"@id\":\"https:\/\/shop.avanzasports.com\/es\/#organization\",\"name\":\"Avanza Sports\",\"url\":\"https:\/\/shop.avanzasports.com\/es\/\",\"logo\":{\"@type\":\"ImageObject\",\"inLanguage\":\"es\",\"@id\":\"https:\/\/shop.avanzasports.com\/es\/#\/schema\/logo\/image\/\",\"url\":\"https:\/\/shop.avanzasports.com\/wp-content\/uploads\/2023\/01\/cropped-HORIZONTAL.png\",\"contentUrl\":\"https:\/\/shop.avanzasports.com\/wp-content\/uploads\/2023\/01\/cropped-HORIZONTAL.png\",\"width\":1055,\"height\":398,\"caption\":\"Avanza Sports\"},\"image\":{\"@id\":\"https:\/\/shop.avanzasports.com\/es\/#\/schema\/logo\/image\/\"}}]}<\/script>\n<!-- \/ Yoast SEO plugin. -->","yoast_head_json":{"title":"Pol\u00edtica de privacidad - Avanza Sports","robots":{"index":"index","follow":"follow","max-snippet":"max-snippet:-1","max-image-preview":"max-image-preview:large","max-video-preview":"max-video-preview:-1"},"canonical":"https:\/\/shop.avanzasports.com\/es\/politica-de-privacidad\/","og_locale":"es_ES","og_type":"article","og_title":"Pol\u00edtica de privacidad - Avanza Sports","og_description":"La presente Pol\u00edtica de Privacidad describe las pol\u00edticas de Avanza Educa 2019 S.L., C\/ Rambla Catalunya,135 4\u00ba 1\u00baBarcelona, Catalu\u00f1\u00e1 08008, Espa\u00f1a, email: info@avanzasports.com, tel\u00e9fono: 649842497 sobre la recopilaci\u00f3n, uso y&hellip;","og_url":"https:\/\/shop.avanzasports.com\/es\/politica-de-privacidad\/","og_site_name":"Avanza Sports","article_modified_time":"2024-01-22T10:48:28+00:00","twitter_card":"summary_large_image","twitter_misc":{"Tiempo de lectura":"3 minutos"},"schema":{"@context":"https:\/\/schema.org","@graph":[{"@type":"WebPage","@id":"https:\/\/shop.avanzasports.com\/es\/politica-de-privacidad\/","url":"https:\/\/shop.avanzasports.com\/es\/politica-de-privacidad\/","name":"Pol\u00edtica de privacidad - Avanza Sports","isPartOf":{"@id":"https:\/\/shop.avanzasports.com\/es\/#website"},"datePublished":"2020-12-27T08:23:10+00:00","dateModified":"2024-01-22T10:48:28+00:00","breadcrumb":{"@id":"https:\/\/shop.avanzasports.com\/es\/politica-de-privacidad\/#breadcrumb"},"inLanguage":"es","potentialAction":[{"@type":"ReadAction","target":["https:\/\/shop.avanzasports.com\/es\/politica-de-privacidad\/"]}]},{"@type":"BreadcrumbList","@id":"https:\/\/shop.avanzasports.com\/es\/politica-de-privacidad\/#breadcrumb","itemListElement":[{"@type":"ListItem","position":1,"name":"Portada","item":"https:\/\/shop.avanzasports.com\/es\/"},{"@type":"ListItem","position":2,"name":"Pol\u00edtica de privacidad"}]},{"@type":"WebSite","@id":"https:\/\/shop.avanzasports.com\/es\/#website","url":"https:\/\/shop.avanzasports.com\/es\/","name":"Avanza Sports","description":"Changing Lives Through Sports","publisher":{"@id":"https:\/\/shop.avanzasports.com\/es\/#organization"},"potentialAction":[{"@type":"SearchAction","target":{"@type":"EntryPoint","urlTemplate":"https:\/\/shop.avanzasports.com\/es\/?s={search_term_string}"},"query-input":"required name=search_term_string"}],"inLanguage":"es"},{"@type":"Organization","@id":"https:\/\/shop.avanzasports.com\/es\/#organization","name":"Avanza Sports","url":"https:\/\/shop.avanzasports.com\/es\/","logo":{"@type":"ImageObject","inLanguage":"es","@id":"https:\/\/shop.avanzasports.com\/es\/#\/schema\/logo\/image\/","url":"https:\/\/shop.avanzasports.com\/wp-content\/uploads\/2023\/01\/cropped-HORIZONTAL.png","contentUrl":"https:\/\/shop.avanzasports.com\/wp-content\/uploads\/2023\/01\/cropped-HORIZONTAL.png","width":1055,"height":398,"caption":"Avanza Sports"},"image":{"@id":"https:\/\/shop.avanzasports.com\/es\/#\/schema\/logo\/image\/"}}]}},"_links":{"self":[{"href":"https:\/\/shop.avanzasports.com\/es\/wp-json\/wp\/v2\/pages\/24004"}],"collection":[{"href":"https:\/\/shop.avanzasports.com\/es\/wp-json\/wp\/v2\/pages"}],"about":[{"href":"https:\/\/shop.avanzasports.com\/es\/wp-json\/wp\/v2\/types\/page"}],"author":[{"embeddable":true,"href":"https:\/\/shop.avanzasports.com\/es\/wp-json\/wp\/v2\/users\/1"}],"replies":[{"embeddable":true,"href":"https:\/\/shop.avanzasports.com\/es\/wp-json\/wp\/v2\/comments?post=24004"}],"version-history":[{"count":5,"href":"https:\/\/shop.avanzasports.com\/es\/wp-json\/wp\/v2\/pages\/24004\/revisions"}],"predecessor-version":[{"id":24296,"href":"https:\/\/shop.avanzasports.com\/es\/wp-json\/wp\/v2\/pages\/24004\/revisions\/24296"}],"wp:attachment":[{"href":"https:\/\/shop.avanzasports.com\/es\/wp-json\/wp\/v2\/media?parent=24004"}],"curies":[{"name":"wp","href":"https:\/\/api.w.org\/{rel}","templated":true}]}}